{"id":4301,"date":"2022-12-30T18:00:01","date_gmt":"2022-12-30T18:00:01","guid":{"rendered":"https:\/\/unrealjourneysecuador.com\/?page_id=4301"},"modified":"2023-08-12T14:46:05","modified_gmt":"2023-08-12T14:46:05","slug":"andes-highlands-and-amazon-rainforest","status":"publish","type":"page","link":"https:\/\/unrealjourneysecuador.com\/fr\/andes-highlands-and-amazon-rainforest\/","title":{"rendered":"Andes hautes terres et de la For\u00eat Amazonienne"},"content":{"rendered":"<div data-elementor-type=\"wp-page\" data-elementor-id=\"4301\" class=\"elementor elementor-4301\">\n\t\t\t\t\t\t\t\t\t<section class=\"elementor-section elementor-top-section elementor-element elementor-element-3d4bf4e elementor-section-boxed elementor-section-height-default elementor-section-height-default\" data-id=\"3d4bf4e\" data-element_type=\"section\">\n\t\t\t\t\t\t<div class=\"elementor-container elementor-column-gap-default\">\n\t\t\t\t\t<div class=\"elementor-column elementor-col-100 elementor-top-column elementor-element elementor-element-1894d42\" data-id=\"1894d42\" data-element_type=\"column\">\n\t\t\t<div class=\"elementor-widget-wrap elementor-element-populated\">\n\t\t\t\t\t\t\t\t<div class=\"elementor-element elementor-element-a6f4fb1 elementor-widget elementor-widget-video\" data-id=\"a6f4fb1\" data-element_type=\"widget\" data-settings=\"{&quot;video_type&quot;:&quot;hosted&quot;,&quot;controls&quot;:&quot;yes&quot;}\" data-widget_type=\"video.default\">\n\t\t\t\t<div class=\"elementor-widget-container\">\n\t\t\t<style>\/*! elementor - v3.15.0 - 02-08-2023 *\/\n.elementor-widget-video .elementor-widget-container{overflow:hidden;transform:translateZ(0)}.elementor-widget-video .elementor-wrapper{aspect-ratio:var(--video-aspect-ratio)}.elementor-widget-video .elementor-wrapper iframe,.elementor-widget-video .elementor-wrapper video{height:100%;width:100%;display:flex;border:none;background-color:#000}@supports not (aspect-ratio:1\/1){.elementor-widget-video .elementor-wrapper{position:relative;overflow:hidden;height:0;padding-bottom:calc(100% \/ var(--video-aspect-ratio))}.elementor-widget-video .elementor-wrapper iframe,.elementor-widget-video .elementor-wrapper video{position:absolute;top:0;right:0;bottom:0;left:0}}.elementor-widget-video .elementor-open-inline .elementor-custom-embed-image-overlay{position:absolute;top:0;right:0;bottom:0;left:0;background-size:cover;background-position:50%}.elementor-widget-video .elementor-custom-embed-image-overlay{cursor:pointer;text-align:center}.elementor-widget-video .elementor-custom-embed-image-overlay:hover .elementor-custom-embed-play i{opacity:1}.elementor-widget-video .elementor-custom-embed-image-overlay img{display:block;width:100%;aspect-ratio:var(--video-aspect-ratio);-o-object-fit:cover;object-fit:cover;-o-object-position:center center;object-position:center center}@supports not (aspect-ratio:1\/1){.elementor-widget-video .elementor-custom-embed-image-overlay{position:relative;overflow:hidden;height:0;padding-bottom:calc(100% \/ var(--video-aspect-ratio))}.elementor-widget-video .elementor-custom-embed-image-overlay img{position:absolute;top:0;right:0;bottom:0;left:0}}.elementor-widget-video .e-hosted-video .elementor-video{-o-object-fit:cover;object-fit:cover}.e-con-inner>.elementor-widget-video,.e-con>.elementor-widget-video{width:var(--container-widget-width);--flex-grow:var(--container-widget-flex-grow)}<\/style>\t\t<div class=\"e-hosted-video elementor-wrapper elementor-open-inline\">\n\t\t\t\t\t<video class=\"elementor-video\" src=\"https:\/\/unrealjourneysecuador.com\/wp-content\/uploads\/2023\/01\/WhatsApp-Video-2023-01-18-at-4.17.06-AM.mp4\" controls=\"\" preload=\"metadata\" controlslist=\"nodownload\" poster=\"https:\/\/unrealjourneysecuador.com\/wp-content\/uploads\/2023\/05\/1-1.jpg\"><\/video>\n\t\t\t\t<\/div>\n\t\t\t\t<\/div>\n\t\t\t\t<\/div>\n\t\t\t\t\t<\/div>\n\t\t<\/div>\n\t\t\t\t\t\t\t<\/div>\n\t\t<\/section>\n\t\t\t\t<section class=\"elementor-section elementor-top-section elementor-element elementor-element-adaec5a elementor-section-boxed elementor-section-height-default elementor-section-height-default\" data-id=\"adaec5a\" data-element_type=\"section\">\n\t\t\t\t\t\t<div class=\"elementor-container elementor-column-gap-default\">\n\t\t\t\t\t<div class=\"elementor-column elementor-col-100 elementor-top-column elementor-element elementor-element-e0fac1e\" data-id=\"e0fac1e\" data-element_type=\"column\">\n\t\t\t<div class=\"elementor-widget-wrap elementor-element-populated\">\n\t\t\t\t\t\t\t\t<div class=\"elementor-element elementor-element-a38b97d elementor-widget elementor-widget-text-editor\" data-id=\"a38b97d\" data-element_type=\"widget\" data-widget_type=\"text-editor.default\">\n\t\t\t\t<div class=\"elementor-widget-container\">\n\t\t\t<style>\/*! elementor - v3.15.0 - 02-08-2023 *\/\n.elementor-widget-text-editor.elementor-drop-cap-view-stacked .elementor-drop-cap{background-color:#69727d;color:#fff}.elementor-widget-text-editor.elementor-drop-cap-view-framed .elementor-drop-cap{color:#69727d;border:3px solid;background-color:transparent}.elementor-widget-text-editor:not(.elementor-drop-cap-view-default) .elementor-drop-cap{margin-top:8px}.elementor-widget-text-editor:not(.elementor-drop-cap-view-default) .elementor-drop-cap-letter{width:1em;height:1em}.elementor-widget-text-editor .elementor-drop-cap{float:left;text-align:center;line-height:1;font-size:50px}.elementor-widget-text-editor .elementor-drop-cap-letter{display:inline-block}<\/style>\t\t\t\t<p>Les paysages que vous serez en mesure de voir dans l&#039;\u00c9quatorien hautes terres et de la For\u00eat Amazonienne sont des volcans, des pics, des cascades, jungle primaire, animaux sauvages et exotiques, une vari\u00e9t\u00e9 de microclimats , de sources thermales et de l&#039;histoire culturelle derri\u00e8re \u00c9quatorien racines.<\/p><p>Avec nos connaissances locales, nous allons vous prendre pour les endroits incontournables de la r\u00e9gion des highlands et de la for\u00eat amazonienne. Nos tours sont toutes personnalis\u00e9es, afin de rentrer en contact avec nous afin que nous puissions vous envoyer de plus amples informations.\u00a0\u00a0<\/p>\t\t\t\t\t\t<\/div>\n\t\t\t\t<\/div>\n\t\t\t\t<div class=\"elementor-element elementor-element-067b678 elementor-align-center elementor-widget elementor-widget-button\" data-id=\"067b678\" data-element_type=\"widget\" data-widget_type=\"button.default\">\n\t\t\t\t<div class=\"elementor-widget-container\">\n\t\t\t\t\t<div class=\"elementor-button-wrapper\">\n\t\t\t<a class=\"elementor-button elementor-button-link elementor-size-lg\" href=\"https:\/\/unrealjourneysecuador.com\/fr\/contact-us\/\">\n\t\t\t\t\t\t<span class=\"elementor-button-content-wrapper\">\n\t\t\t\t\t\t<span class=\"elementor-button-text\">Devis Votre Exp\u00e9rience<\/span>\n\t\t<\/span>\n\t\t\t\t\t<\/a>\n\t\t<\/div>\n\t\t\t\t<\/div>\n\t\t\t\t<\/div>\n\t\t\t\t<div class=\"elementor-element elementor-element-4119eff elementor-hidden-mobile elementor-widget elementor-widget-image\" data-id=\"4119eff\" data-element_type=\"widget\" data-widget_type=\"image.default\">\n\t\t\t\t<div class=\"elementor-widget-container\">\n\t\t\t<style>\/*! elementor - v3.15.0 - 02-08-2023 *\/\n.elementor-widget-image{text-align:center}.elementor-widget-image a{display:inline-block}.elementor-widget-image a img[src$=\".svg\"]{width:48px}.elementor-widget-image img{vertical-align:middle;display:inline-block}<\/style>\t\t\t\t\t\t\t\t\t\t\t\t<img decoding=\"async\" width=\"1024\" height=\"1024\" src=\"https:\/\/unrealjourneysecuador.com\/wp-content\/uploads\/2023\/05\/WhatsApp-Image-2023-05-09-at-8.51.21-PM-1024x1024.jpeg\" class=\"attachment-large size-large wp-image-4434\" alt=\"\" loading=\"lazy\" \/>\t\t\t\t\t\t\t\t\t\t\t\t\t\t\t<\/div>\n\t\t\t\t<\/div>\n\t\t\t\t\t<\/div>\n\t\t<\/div>\n\t\t\t\t\t\t\t<\/div>\n\t\t<\/section>\n\t\t\t\t<section class=\"elementor-section elementor-top-section elementor-element elementor-element-a901482 elementor-section-stretched elementor-hidden-desktop elementor-hidden-tablet elementor-section-boxed elementor-section-height-default elementor-section-height-default\" data-id=\"a901482\" data-element_type=\"section\" data-settings=\"{&quot;stretch_section&quot;:&quot;section-stretched&quot;}\">\n\t\t\t\t\t\t<div class=\"elementor-container elementor-column-gap-default\">\n\t\t\t\t\t<div class=\"elementor-column elementor-col-100 elementor-top-column elementor-element elementor-element-aa4cfcf\" data-id=\"aa4cfcf\" data-element_type=\"column\">\n\t\t\t<div class=\"elementor-widget-wrap elementor-element-populated\">\n\t\t\t\t\t\t\t\t<div class=\"elementor-element elementor-element-b9b31ef elementor-widget elementor-widget-image\" data-id=\"b9b31ef\" data-element_type=\"widget\" data-widget_type=\"image.default\">\n\t\t\t\t<div class=\"elementor-widget-container\">\n\t\t\t\t\t\t\t\t\t\t\t\t\t\t\t<img decoding=\"async\" width=\"1024\" height=\"1024\" src=\"https:\/\/unrealjourneysecuador.com\/wp-content\/uploads\/2023\/05\/WhatsApp-Image-2023-05-09-at-8.51.21-PM-1024x1024.jpeg\" class=\"attachment-large size-large wp-image-4434\" alt=\"\" loading=\"lazy\" \/>\t\t\t\t\t\t\t\t\t\t\t\t\t\t\t<\/div>\n\t\t\t\t<\/div>\n\t\t\t\t\t<\/div>\n\t\t<\/div>\n\t\t\t\t\t\t\t<\/div>\n\t\t<\/section>\n\t\t\t\t\t\t\t<\/div>","protected":false},"excerpt":{"rendered":"<p>https:\/\/unrealjourneysecuador.com\/wp-content\/uploads\/2023\/01\/WhatsApp-Video-2023-01-18-at-4.17.06-AM.mp4 The landscapes that you will be able to see in the Ecuadorean Highlands and Amazon Rainforest are volcanoes, peaks, waterfalls, primary jungle, wild and exotic animals, a variety of microclimates , hot springs and cultural history behind Ecuadorian roots. [&hellip;]<\/p>","protected":false},"author":1,"featured_media":0,"parent":0,"menu_order":0,"comment_status":"closed","ping_status":"closed","template":"","meta":[],"_links":{"self":[{"href":"https:\/\/unrealjourneysecuador.com\/fr\/wp-json\/wp\/v2\/pages\/4301"}],"collection":[{"href":"https:\/\/unrealjourneysecuador.com\/fr\/wp-json\/wp\/v2\/pages"}],"about":[{"href":"https:\/\/unrealjourneysecuador.com\/fr\/wp-json\/wp\/v2\/types\/page"}],"author":[{"embeddable":true,"href":"https:\/\/unrealjourneysecuador.com\/fr\/wp-json\/wp\/v2\/users\/1"}],"replies":[{"embeddable":true,"href":"https:\/\/unrealjourneysecuador.com\/fr\/wp-json\/wp\/v2\/comments?post=4301"}],"version-history":[{"count":39,"href":"https:\/\/unrealjourneysecuador.com\/fr\/wp-json\/wp\/v2\/pages\/4301\/revisions"}],"predecessor-version":[{"id":4841,"href":"https:\/\/unrealjourneysecuador.com\/fr\/wp-json\/wp\/v2\/pages\/4301\/revisions\/4841"}],"wp:attachment":[{"href":"https:\/\/unrealjourneysecuador.com\/fr\/wp-json\/wp\/v2\/media?parent=4301"}],"curies":[{"name":"wp","href":"https:\/\/api.w.org\/{rel}","templated":true}]}}