{"id":3557,"date":"2017-07-31T08:39:46","date_gmt":"2017-07-31T08:39:46","guid":{"rendered":"http:\/\/themes.themegoods.com\/grandtour\/demo2\/?page_id=3557"},"modified":"2023-05-12T10:20:41","modified_gmt":"2023-05-12T10:20:41","slug":"home","status":"publish","type":"page","link":"https:\/\/unrealjourneysecuador.com\/fr\/","title":{"rendered":"La maison"},"content":{"rendered":"<div  class=\"one withsmallpadding ppb_text\" style=\"text-align:left;padding:30px 0 30px 0;\" >\n<div class=\"standard_wrapper\">\n<div class=\"page_content_wrapper\">\n<div class=\"inner\">\n<div style=\"margin:auto;width:100%\">\n<p style=\"text-align: center;\">\n<div class='gf_browser_chrome gform_wrapper gravity-theme' id='gform_wrapper_1' >\n<div class='gform_heading'>\n<h2 class=\"gform_title\">Devis Votre Exp\u00e9rience Personnalis\u00e9e<\/h2>\n<p>                            <span class='gform_description'><\/span>\n                        <\/div>\n<form method='post' enctype='multipart\/form-data'  id='gform_1'  action='\/wp-admin\/post.php' data-trp-original-action=\"\/wp-admin\/post.php\" >\n<div class='gform_body gform-body'>\n<div id='gform_fields_1' class='gform_fields top_label form_sublabel_below description_below'>\n<div id=\"field_1_1\"  class=\"gfield gfield--width-quarter field_sublabel_below field_description_below gfield_visibility_visible\"  data-js-reload=\"field_1_1\"><label class='gfield_label' for='input_1_1' >Nom<\/label><\/p>\n<div class='ginput_container ginput_container_text'><input name='input_1' id='input_1_1' type='text' value='' class='large'      aria-invalid=\"false\"   \/> <\/div>\n<\/div>\n<div id=\"field_1_2\"  class=\"gfield gfield--width-quarter field_sublabel_below field_description_below gfield_visibility_visible\"  data-js-reload=\"field_1_2\"><label class='gfield_label' for='input_1_2' >La Date Du Voyage<\/label><\/p>\n<div class='ginput_container ginput_container_date'>\n                            <input name='input_2' id='input_1_2' type='text' value='' class='datepicker mdy datepicker_no_icon gdatepicker-no-icon'   placeholder='mm\/dd\/yyyy' aria-describedby=\"input_1_2_date_format\" aria-invalid=\"false\" \/><br \/>\n                            <span id='input_1_2_date_format' class='screen-reader-text'>MM slash DD slash YYYY<\/span>\n                        <\/div>\n<p>                        <input type='hidden' id='gforms_calendar_icon_input_1_2' class='gform_hidden' value='https:\/\/unrealjourneysecuador.com\/wp-content\/plugins\/gravityforms\/images\/datepicker\/datepicker.svg'\/><\/div>\n<div id=\"field_1_5\"  class=\"gfield gfield--width-quarter field_sublabel_below field_description_below gfield_visibility_visible\"  data-js-reload=\"field_1_5\"><label class='gfield_label' for='input_1_5' >Des Informations Suppl\u00e9mentaires<\/label><\/p>\n<div class='ginput_container ginput_container_text'><input name='input_5' id='input_1_5' type='text' value='' class='large'      aria-invalid=\"false\"   \/> <\/div>\n<\/div>\n<div id=\"field_1_4\"  class=\"gfield gfield--width-quarter field_sublabel_below field_description_below gfield_visibility_visible\"  data-js-reload=\"field_1_4\"><label class='gfield_label' for='input_1_4' >E-mail<\/label><\/p>\n<div class='ginput_container ginput_container_email'>\n                            <input name='input_4' id='input_1_4' type='text' value='' class='large'     aria-invalid=\"false\"  \/>\n                        <\/div>\n<\/div>\n<\/div>\n<\/div>\n<div class='gform_footer top_label'> <input type='submit' id='gform_submit_button_1' class='gform_button button' value='Soumettre'  onclick='if(window[\"gf_submitting_1\"]){return false;}  window[\"gf_submitting_1\"]=true;  ' onkeypress='if( event.keyCode == 13 ){ if(window[\"gf_submitting_1\"]){return false;} window[\"gf_submitting_1\"]=true;  jQuery(\"#gform_1\").trigger(\"submit\",[true]); }' \/><br \/>\n            <input type='hidden' class='gform_hidden' name='is_submit_1' value='1' \/><br \/>\n            <input type='hidden' class='gform_hidden' name='gform_submit' value='1' \/><\/p>\n<p>            <input type='hidden' class='gform_hidden' name='gform_unique_id' value='' \/><br \/>\n            <input type='hidden' class='gform_hidden' name='state_1' value='WyJbXSIsIjMzYWU2MzA1NTJmNjc4NzlhOWJiZDNhZmQ0ZTZmNDgwIl0=' \/><br \/>\n            <input type='hidden' class='gform_hidden' name='gform_target_page_number_1' id='gform_target_page_number_1' value='0' \/><br \/>\n            <input type='hidden' class='gform_hidden' name='gform_source_page_number_1' id='gform_source_page_number_1' value='1' \/><br \/>\n            <input type='hidden' name='gform_field_values' value='' \/><\/p><\/div>\n<\/p><input type=\"hidden\" name=\"trp-form-language\" value=\"fr\"\/><\/form>\n<\/p><\/div>\n<\/p>\n<\/div>\n<\/div>\n<\/div>\n<\/div>\n<\/div>\n<div  class=\"one withsmallpadding ppb_text\" style=\"text-align:left;padding:30px 0 30px 0;\" >\n<div class=\"standard_wrapper\">\n<div class=\"page_content_wrapper\">\n<div class=\"inner\">\n<div style=\"margin:auto;width:100%\">\n<p style=\"text-align: center;\">\n<div class='gf_browser_chrome gform_wrapper gravity-theme' id='gform_wrapper_1' >\n<div class='gform_heading'>\n<h2 class=\"gform_title\">Devis Votre Exp\u00e9rience Personnalis\u00e9e<\/h2>\n<p>                            <span class='gform_description'><\/span>\n                        <\/div>\n<form method='post' enctype='multipart\/form-data'  id='gform_1'  action='\/wp-admin\/post.php' data-trp-original-action=\"\/wp-admin\/post.php\" >\n<div class='gform_body gform-body'>\n<div id='gform_fields_1' class='gform_fields top_label form_sublabel_below description_below'>\n<div id=\"field_1_1\"  class=\"gfield gfield--width-quarter field_sublabel_below field_description_below gfield_visibility_visible\"  data-js-reload=\"field_1_1\"><label class='gfield_label' for='input_1_1' >Nom<\/label><\/p>\n<div class='ginput_container ginput_container_text'><input name='input_1' id='input_1_1' type='text' value='' class='large'      aria-invalid=\"false\"   \/> <\/div>\n<\/div>\n<div id=\"field_1_2\"  class=\"gfield gfield--width-quarter field_sublabel_below field_description_below gfield_visibility_visible\"  data-js-reload=\"field_1_2\"><label class='gfield_label' for='input_1_2' >La Date Du Voyage<\/label><\/p>\n<div class='ginput_container ginput_container_date'>\n                            <input name='input_2' id='input_1_2' type='text' value='' class='datepicker mdy datepicker_no_icon gdatepicker-no-icon'   placeholder='mm\/dd\/yyyy' aria-describedby=\"input_1_2_date_format\" aria-invalid=\"false\" \/><br \/>\n                            <span id='input_1_2_date_format' class='screen-reader-text'>MM slash DD slash YYYY<\/span>\n                        <\/div>\n<p>                        <input type='hidden' id='gforms_calendar_icon_input_1_2' class='gform_hidden' value='https:\/\/unrealjourneysecuador.com\/wp-content\/plugins\/gravityforms\/images\/datepicker\/datepicker.svg'\/><\/div>\n<div id=\"field_1_5\"  class=\"gfield gfield--width-quarter field_sublabel_below field_description_below gfield_visibility_visible\"  data-js-reload=\"field_1_5\"><label class='gfield_label' for='input_1_5' >Des Informations Suppl\u00e9mentaires<\/label><\/p>\n<div class='ginput_container ginput_container_text'><input name='input_5' id='input_1_5' type='text' value='' class='large'      aria-invalid=\"false\"   \/> <\/div>\n<\/div>\n<div id=\"field_1_4\"  class=\"gfield gfield--width-quarter field_sublabel_below field_description_below gfield_visibility_visible\"  data-js-reload=\"field_1_4\"><label class='gfield_label' for='input_1_4' >E-mail<\/label><\/p>\n<div class='ginput_container ginput_container_email'>\n                            <input name='input_4' id='input_1_4' type='text' value='' class='large'     aria-invalid=\"false\"  \/>\n                        <\/div>\n<\/div>\n<\/div>\n<\/div>\n<div class='gform_footer top_label'> <input type='submit' id='gform_submit_button_1' class='gform_button button' value='Soumettre'  onclick='if(window[\"gf_submitting_1\"]){return false;}  window[\"gf_submitting_1\"]=true;  ' onkeypress='if( event.keyCode == 13 ){ if(window[\"gf_submitting_1\"]){return false;} window[\"gf_submitting_1\"]=true;  jQuery(\"#gform_1\").trigger(\"submit\",[true]); }' \/><br \/>\n            <input type='hidden' class='gform_hidden' name='is_submit_1' value='1' \/><br \/>\n            <input type='hidden' class='gform_hidden' name='gform_submit' value='1' \/><\/p>\n<p>            <input type='hidden' class='gform_hidden' name='gform_unique_id' value='' \/><br \/>\n            <input type='hidden' class='gform_hidden' name='state_1' value='WyJbXSIsIjMzYWU2MzA1NTJmNjc4NzlhOWJiZDNhZmQ0ZTZmNDgwIl0=' \/><br \/>\n            <input type='hidden' class='gform_hidden' name='gform_target_page_number_1' id='gform_target_page_number_1' value='0' \/><br \/>\n            <input type='hidden' class='gform_hidden' name='gform_source_page_number_1' id='gform_source_page_number_1' value='1' \/><br \/>\n            <input type='hidden' name='gform_field_values' value='' \/><\/p><\/div>\n<\/p><input type=\"hidden\" name=\"trp-form-language\" value=\"fr\"\/><\/form>\n<\/p><\/div>\n<\/p>\n<\/div>\n<\/div>\n<\/div>\n<\/div>\n<\/div>\n<div  class=\"one withsmallpadding ppb_text\" style=\"text-align:left;padding:30px 0 30px 0;\" >\n<div class=\"standard_wrapper\">\n<div class=\"page_content_wrapper\">\n<div class=\"inner\">\n<div style=\"margin:auto;width:100%\">\n<div data-elementor-type=\"page\" data-elementor-id=\"4459\" class=\"elementor elementor-4459\">\n<section class=\"elementor-section elementor-top-section elementor-element elementor-element-9cda312 elementor-section-full_width elementor-section-stretched elementor-section-height-default elementor-section-height-default\" data-id=\"9cda312\" data-element_type=\"section\" data-settings=\"{&quot;stretch_section&quot;:&quot;section-stretched&quot;,&quot;background_background&quot;:&quot;video&quot;,&quot;background_video_link&quot;:&quot;https:\/\/unrealjourneysecuador.com\/wp-content\/uploads\/2023\/05\/WhatsApp-Video-2023-05-09-at-8.49.40-PM.mp4&quot;,&quot;background_play_on_mobile&quot;:&quot;yes&quot;}\">\n<div class=\"elementor-background-video-container\">\n\t\t\t\t\t\t\t\t\t\t\t\t\t<video class=\"elementor-background-video-hosted elementor-html5-video\" autoplay muted playsinline loop><\/video>\n\t\t\t\t\t\t\t\t\t\t\t<\/div>\n<div class=\"elementor-container elementor-column-gap-default\">\n<div class=\"elementor-column elementor-col-100 elementor-top-column elementor-element elementor-element-d33f0e3\" data-id=\"d33f0e3\" data-element_type=\"column\">\n<div class=\"elementor-widget-wrap elementor-element-populated\">\n<div class=\"elementor-element elementor-element-4cc8557 elementor-widget elementor-widget-spacer\" data-id=\"4cc8557\" data-element_type=\"widget\" data-widget_type=\"spacer.default\">\n<div class=\"elementor-widget-container\">\n<div class=\"elementor-spacer\">\n<div class=\"elementor-spacer-inner\"><\/div>\n<\/p><\/div>\n<\/p><\/div>\n<\/p><\/div>\n<\/p><\/div>\n<\/p><\/div>\n<\/p><\/div>\n<\/section>\n<section class=\"elementor-section elementor-top-section elementor-element elementor-element-0d96746 elementor-section-full_width elementor-section-stretched elementor-section-height-default elementor-section-height-default\" data-id=\"0d96746\" data-element_type=\"section\" data-settings=\"{&quot;stretch_section&quot;:&quot;section-stretched&quot;}\">\n<div class=\"elementor-container elementor-column-gap-default\">\n<div class=\"elementor-column elementor-col-100 elementor-top-column elementor-element elementor-element-3199b0b\" data-id=\"3199b0b\" data-element_type=\"column\">\n<div class=\"elementor-widget-wrap elementor-element-populated\">\n<div class=\"elementor-element elementor-element-d4ab213 elementor-widget elementor-widget-html\" data-id=\"d4ab213\" data-element_type=\"widget\" data-widget_type=\"html.default\">\n<div class=\"elementor-widget-container\">\n\t\t\t&nbsp;<\/p>\n<h2 style=\"text-align: center;\">L&#039;\u00e9quateur R\u00e9gions et des Visites<\/h2>\n<p>&nbsp;<\/p>\n<div class=\"ppb_destination_grid one nopadding\">\n<div class=\"page_content_wrapper page_main_content sidebar_content full_width fixed_column\">\n<div class=\"standard_wrapper\">\n<div id=\"1636829751949001240\" class=\"portfolio_filter_wrapper gallery grid portrait four_cols\" data-columns=\"4\">\n<div class=\"element grid center classic4_cols animated1\">\n<div class=\"one_fourth gallery4 grid static filterable portfolio_type themeborder\" style=\"background-image: url('https:\/\/unrealjourneysecuador.com\/wp-content\/uploads\/2022\/12\/Page-2-Image-3.jpg');\">\n<div class=\"ppb_background_overlay light\"><\/div>\n<p>&nbsp;<\/p>\n<div class=\"portfolio_info_wrapper\">\n<div class=\"portfolio_info_content\">\n<h3><a href=\"https:\/\/unrealjourneysecuador.com\/fr\/galapagos-islands\/\"><strong>Les \u00celes Galapagos<\/strong><\/a><\/h3>\n<\/div>\n<\/div>\n<\/div>\n<\/div>\n<div class=\"element grid center classic4_cols animated2\">\n<div class=\"one_fourth gallery4 grid static filterable portfolio_type themeborder\" style=\"background-image: url('https:\/\/unrealjourneysecuador.com\/wp-content\/uploads\/2022\/12\/Page-3-Image-4.jpg');\">\n<div class=\"ppb_background_overlay light\"><\/div>\n<p>&nbsp;<\/p>\n<div class=\"portfolio_info_wrapper\">\n<div class=\"portfolio_info_content\">\n<h3><a href=\"https:\/\/unrealjourneysecuador.com\/fr\/coastline-retreats\/\"><strong>Ayampe &amp; Cojimies Retraites<\/strong><\/a><\/h3>\n<\/div>\n<\/div>\n<\/div>\n<\/div>\n<div class=\"element grid center classic4_cols animated3\">\n<div class=\"one_fourth gallery4 grid static filterable portfolio_type themeborder\" style=\"background-image: url('https:\/\/unrealjourneysecuador.com\/wp-content\/uploads\/2021\/07\/5bbd027fd1322-100x89fill-1-700x466.jpg');\">\n<div class=\"ppb_background_overlay light\"><\/div>\n<p>&nbsp;<\/p>\n<div class=\"portfolio_info_wrapper\">\n<div class=\"portfolio_info_content\">\n<h3><a href=\"https:\/\/unrealjourneysecuador.com\/fr\/andes-highlands-and-amazon-rainforest\/\">Hautes Terres Des Andes<\/a><\/h3>\n<\/div>\n<\/div>\n<\/div>\n<\/div>\n<div class=\"element grid center classic4_cols animated4\">\n<div class=\"one_fourth gallery4 grid static filterable portfolio_type themeborder\" style=\"background-image: url('https:\/\/unrealjourneysecuador.com\/wp-content\/uploads\/2021\/07\/7ef31a95-817b-434b-93d8-e118ae6eb281-1-700x466.jpg');\">\n<div class=\"ppb_background_overlay light\"><\/div>\n<p>&nbsp;<\/p>\n<div class=\"portfolio_info_wrapper\">\n<div class=\"portfolio_info_content\">\n<h3><a href=\"https:\/\/unrealjourneysecuador.com\/fr\/andes-highlands-and-amazon-rainforest\/\">La For\u00eat Amazonienne<\/a><\/h3>\n<\/div>\n<\/div>\n<\/div>\n<\/div>\n<\/div>\n<p>&nbsp;\n\t\t<\/p><\/div>\n<\/p><\/div>\n<div class=\"elementor-element elementor-element-89cdd38 elementor-widget elementor-widget-shortcode\" data-id=\"89cdd38\" data-element_type=\"widget\" data-widget_type=\"shortcode.default\">\n<div class=\"elementor-widget-container\">\n<div class=\"elementor-shortcode\"><a class=\"maxbutton-1 maxbutton maxbutton-quote-your-personalized-experience\" href=\"https:\/\/unrealjourneysecuador.com\/fr\/contact-us\/\"><span class='mb-text'>Devis votre exp\u00e9rience personnalis\u00e9e<\/span><\/a><\/div>\n<\/p><\/div>\n<\/p><\/div>\n<\/p><\/div>\n<\/p><\/div>\n<\/p><\/div>\n<\/section>\n<section class=\"elementor-section elementor-top-section elementor-element elementor-element-eb8ec5c elementor-section-full_width elementor-section-stretched elementor-section-height-default elementor-section-height-default\" data-id=\"eb8ec5c\" data-element_type=\"section\" data-settings=\"{&quot;stretch_section&quot;:&quot;section-stretched&quot;,&quot;background_background&quot;:&quot;classic&quot;}\">\n<div class=\"elementor-container elementor-column-gap-default\">\n<div class=\"elementor-column elementor-col-100 elementor-top-column elementor-element elementor-element-bda6591\" data-id=\"bda6591\" data-element_type=\"column\">\n<div class=\"elementor-widget-wrap elementor-element-populated\">\n<div class=\"elementor-element elementor-element-0d0b28b elementor-widget elementor-widget-spacer\" data-id=\"0d0b28b\" data-element_type=\"widget\" data-widget_type=\"spacer.default\">\n<div class=\"elementor-widget-container\">\n<div class=\"elementor-spacer\">\n<div class=\"elementor-spacer-inner\"><\/div>\n<\/p><\/div>\n<\/p><\/div>\n<\/p><\/div>\n<div class=\"elementor-element elementor-element-d2ca2e1 elementor-widget elementor-widget-text-editor\" data-id=\"d2ca2e1\" data-element_type=\"widget\" data-widget_type=\"text-editor.default\">\n<div class=\"elementor-widget-container\">\n<h1><strong>\u201cVous embarquerez-vous dans le plus unique et g\u00e9nial \u00c9quatorien de l&#039;exp\u00e9rience\u201d<\/strong><\/h1>\n<\/p><\/div>\n<\/p><\/div>\n<div class=\"elementor-element elementor-element-97a6256 elementor-widget elementor-widget-spacer\" data-id=\"97a6256\" data-element_type=\"widget\" data-widget_type=\"spacer.default\">\n<div class=\"elementor-widget-container\">\n<div class=\"elementor-spacer\">\n<div class=\"elementor-spacer-inner\"><\/div>\n<\/p><\/div>\n<\/p><\/div>\n<\/p><\/div>\n<\/p><\/div>\n<\/p><\/div>\n<\/p><\/div>\n<\/section><\/div>\n<\/div>\n<\/div>\n<\/div>\n<\/div>\n<\/div>\n<div  class=\"one withsmallpadding ppb_header\" style=\"text-align:left;padding:30px 0 30px 0;\" >\n<div class=\"standard_wrapper\">\n<div class=\"page_content_wrapper\">\n<div class=\"inner\">\n<div style=\"margin:auto;width:100%\">\n<h2 class=\"ppb_title\" style=\"\">Nos clients l&#039;exp\u00e9rience d&#039;<\/h2>\n<div class=\"ppb_header_content\">\n<div class=\"strong-view strong-view-id-2 modern wpmtst-modern slider-container slider-mode-fade slider-adaptive\" data-count=\"1\" data-slider-var=\"strong_slider_id_2\" data-state=\"idle\">\n<div class=\"strong-content wpmslider-content\">\n<div class=\"wpmtst-testimonial testimonial t-slide post-4422\">\n<div class=\"wpmtst-testimonial-inner testimonial-inner\">\n<div data-infinite-loop=\"true\"  class=\"wpmtst-testimonial-content  testimonial-content\">\n<h3 class=\"wpmtst-testimonial-heading testimonial-heading\">Incroyable Gal\u00e1pagos Voyage<\/h3>\n<p>\u201cSol was amazing, thanks to her local knowledge, charisma and personalized service we had an amazing trip on the Gal\u00e1pagos.  Diving was amazing and the experience it self. Highly recommended.\u201d <\/p>\n<p>John Macpherson February 2013 Traveler<\/p>\n<\/div>\n<div class=\"wpmtst-testimonial-image testimonial-image\"><img width=\"150\" height=\"150\" src=\"https:\/\/unrealjourneysecuador.com\/wp-content\/uploads\/2023\/04\/unnamed-150x150.jpg\" class=\"attachment-thumbnail size-thumbnail wp-post-image\" alt=\"\" decoding=\"async\" loading=\"lazy\" \/><\/div>\n<div class=\"wpmtst-testimonial-field testimonial-field testimonial-name\">John Mcpherson<\/div>\n<div class=\"clear\"><\/div>\n<\/div>\n<\/div>\n<\/div>\n<\/div>\n<\/div>\n<\/div>\n<\/div>\n<\/div>\n<\/div>\n<\/div>\n<div  class=\"one withsmallpadding ppb_header\" style=\"text-align:left;padding:30px 0 30px 0;\" >\n<div class=\"standard_wrapper\">\n<div class=\"page_content_wrapper\">\n<div class=\"inner\">\n<div style=\"margin:auto;width:100%\">\n<h2 class=\"ppb_title\" style=\"\">Laisser votre avis<\/h2>\n<div class=\"ppb_header_content\">\n<div class=\"strong-view strong-form strong-view-id-1 default-form wpmtst-default-form\" data-state=\"idle\">\n<div class=\"strong-form-wait\" data-formid=\"1\">\n<div class=\"message\"><img decoding=\"async\" src=\"https:\/\/unrealjourneysecuador.com\/wp-content\/plugins\/strong-testimonials\/public\/svg\/spinner-solid.svg\" alt=\"Strong Testimonials form submission spinner.\"><\/div>\n<\/div>\n<div class=\"wpmtst-form wpmtst-form-id-1\">\n<div class=\"strong-form-inner\">\n<p class=\"required-notice\"><span class=\"required symbol\"><\/span>Requis        <\/p>\n<form class=\"wpmtst-submission-form\" method=\"post\" enctype=\"multipart\/form-data\" autocomplete=\"off\" data-config=\"{&quot;scroll&quot;:{&quot;onError&quot;:true,&quot;onErrorOffset&quot;:80,&quot;onSuccess&quot;:true,&quot;onSuccessOffset&quot;:80},&quot;fields&quot;:[{&quot;name&quot;:&quot;name1&quot;,&quot;type&quot;:&quot;text&quot;,&quot;required&quot;:1},{&quot;name&quot;:&quot;post_content&quot;,&quot;type&quot;:&quot;textarea&quot;,&quot;required&quot;:1},{&quot;name&quot;:&quot;featured_image&quot;,&quot;type&quot;:&quot;file&quot;,&quot;required&quot;:0}],&quot;ajaxUrl&quot;:&quot;https:\/\/unrealjourneysecuador.com\/wp-admin\/admin-ajax.php&quot;}\" data-formid = \"1\" action=\"\">\n<div style=\"display: none;\"><input type=\"hidden\" id=\"wpmtst_form_nonce\" name=\"wpmtst_form_nonce\" value=\"6c81f7ed55\" \/><input type=\"hidden\" name=\"_wp_http_referer\" value=\"\/wp-admin\/post.php\" \/><input type=\"hidden\" name=\"action\" value=\"wpmtst_form\"><input type=\"hidden\" name=\"form_id\" value=\"1\"><input type=\"hidden\" name=\"default_category\" value=\"\"><input type=\"hidden\" name=\"category\" value=\"\"><\/div>\n<div class=\"form-field field-name1\"><label for=\"wpmtst_name1\" class=\"field-name1\">Nom<\/label><span class=\"required symbol\"><\/span><input id=\"wpmtst_name1\" type=\"text\" class=\"text\" name=\"name1\"  value=\"\" placeholder=\"Nom\"   required tabindex=\"0\"><span class=\"after\"><\/span><\/div>\n<div class=\"form-field field-post_content\"><label for=\"wpmtst_post_content\" class=\"field-post_content\">Examen<\/label><span class=\"required symbol\"><\/span><textarea id=\"wpmtst_post_content\" name=\"post_content\" class=\"textarea\"  required placeholder=\"\"  tabindex=\"0\"><\/textarea><span class=\"after\">Que pensez-vous de nous?<\/span><\/div>\n<div class=\"form-field field-featured_image\"><label for=\"wpmtst_featured_image\" class=\"field-featured_image\">Photo<\/label><\/p>\n<div class=\"field-wrap\"><input id=\"wpmtst_featured_image\" type=\"file\" name=\"featured_image\" tabindex=\"0\"><\/div>\n<p><span class=\"after\">Aimeriez-vous ajouter une photo?<\/span><\/div>\n<div class=\"form-field wpmtst-submit\"><label><input type=\"submit\" class=\"wpmtst_submit_testimonial\" name=\"wpmtst_submit_testimonial\" value=\"Ajouter T\u00e9moignage\" tabindex=\"0\"><\/label><\/div>\n<input type=\"hidden\" name=\"trp-form-language\" value=\"fr\"\/><\/form>\n<\/div>\n<\/div>\n<\/div>\n<\/div>\n<\/div>\n<\/div>\n<\/div>\n<\/div>\n<\/div>","protected":false},"excerpt":{"rendered":"<p>Quote Your Personalized Experience Name Travel Date MM slash DD slash YYYY Additional Information Email Quote Your Personalized Experience Name Travel Date MM slash DD slash YYYY Additional Information Email &nbsp; Ecuador Regions and Tours &nbsp; &nbsp; The Galapagos Islands [&hellip;]<\/p>","protected":false},"author":1,"featured_media":0,"parent":0,"menu_order":0,"comment_status":"closed","ping_status":"closed","template":"","meta":[],"_links":{"self":[{"href":"https:\/\/unrealjourneysecuador.com\/fr\/wp-json\/wp\/v2\/pages\/3557"}],"collection":[{"href":"https:\/\/unrealjourneysecuador.com\/fr\/wp-json\/wp\/v2\/pages"}],"about":[{"href":"https:\/\/unrealjourneysecuador.com\/fr\/wp-json\/wp\/v2\/types\/page"}],"author":[{"embeddable":true,"href":"https:\/\/unrealjourneysecuador.com\/fr\/wp-json\/wp\/v2\/users\/1"}],"replies":[{"embeddable":true,"href":"https:\/\/unrealjourneysecuador.com\/fr\/wp-json\/wp\/v2\/comments?post=3557"}],"version-history":[{"count":107,"href":"https:\/\/unrealjourneysecuador.com\/fr\/wp-json\/wp\/v2\/pages\/3557\/revisions"}],"predecessor-version":[{"id":4500,"href":"https:\/\/unrealjourneysecuador.com\/fr\/wp-json\/wp\/v2\/pages\/3557\/revisions\/4500"}],"wp:attachment":[{"href":"https:\/\/unrealjourneysecuador.com\/fr\/wp-json\/wp\/v2\/media?parent=3557"}],"curies":[{"name":"wp","href":"https:\/\/api.w.org\/{rel}","templated":true}]}}