{"id":2,"date":"2021-07-14T16:05:38","date_gmt":"2021-07-14T16:05:38","guid":{"rendered":"https:\/\/unrealjourneysecuador.com\/?page_id=2"},"modified":"2023-08-12T14:45:10","modified_gmt":"2023-08-12T14:45:10","slug":"hospitality-consultancy","status":"publish","type":"page","link":"https:\/\/unrealjourneysecuador.com\/fr\/hospitality-consultancy\/","title":{"rendered":"L&#039;Hospitalit\u00e9 De Conseil"},"content":{"rendered":"<div data-elementor-type=\"wp-page\" data-elementor-id=\"2\" class=\"elementor elementor-2\">\n\t\t\t\t\t\t\t\t\t<section class=\"elementor-section elementor-top-section elementor-element elementor-element-c4d1834 elementor-section-stretched elementor-hidden-desktop elementor-hidden-tablet elementor-section-boxed elementor-section-height-default elementor-section-height-default\" data-id=\"c4d1834\" data-element_type=\"section\" data-settings=\"{&quot;stretch_section&quot;:&quot;section-stretched&quot;}\">\n\t\t\t\t\t\t<div class=\"elementor-container elementor-column-gap-default\">\n\t\t\t\t\t<div class=\"elementor-column elementor-col-100 elementor-top-column elementor-element elementor-element-54c306f\" data-id=\"54c306f\" data-element_type=\"column\">\n\t\t\t<div class=\"elementor-widget-wrap elementor-element-populated\">\n\t\t\t\t\t\t\t\t<div class=\"elementor-element elementor-element-c4bd60a elementor-widget elementor-widget-image\" data-id=\"c4bd60a\" data-element_type=\"widget\" data-widget_type=\"image.default\">\n\t\t\t\t<div class=\"elementor-widget-container\">\n\t\t\t<style>\/*! elementor - v3.15.0 - 02-08-2023 *\/\n.elementor-widget-image{text-align:center}.elementor-widget-image a{display:inline-block}.elementor-widget-image a img[src$=\".svg\"]{width:48px}.elementor-widget-image img{vertical-align:middle;display:inline-block}<\/style>\t\t\t\t\t\t\t\t\t\t\t\t<img decoding=\"async\" width=\"1298\" height=\"1298\" src=\"https:\/\/unrealjourneysecuador.com\/wp-content\/uploads\/2022\/12\/Page-1-Image-1.jpg\" class=\"attachment-full size-full wp-image-4206\" alt=\"\" loading=\"lazy\" \/>\t\t\t\t\t\t\t\t\t\t\t\t\t\t\t<\/div>\n\t\t\t\t<\/div>\n\t\t\t\t\t<\/div>\n\t\t<\/div>\n\t\t\t\t\t\t\t<\/div>\n\t\t<\/section>\n\t\t\t\t<section class=\"elementor-section elementor-top-section elementor-element elementor-element-4610c5d elementor-hidden-mobile elementor-section-boxed elementor-section-height-default elementor-section-height-default\" data-id=\"4610c5d\" data-element_type=\"section\">\n\t\t\t\t\t\t<div class=\"elementor-container elementor-column-gap-default\">\n\t\t\t\t\t<div class=\"elementor-column elementor-col-100 elementor-top-column elementor-element elementor-element-5ad5600\" data-id=\"5ad5600\" data-element_type=\"column\">\n\t\t\t<div class=\"elementor-widget-wrap elementor-element-populated\">\n\t\t\t\t\t\t\t\t<div class=\"elementor-element elementor-element-b803614 elementor-widget elementor-widget-image\" data-id=\"b803614\" data-element_type=\"widget\" data-widget_type=\"image.default\">\n\t\t\t\t<div class=\"elementor-widget-container\">\n\t\t\t\t\t\t\t\t\t\t\t\t\t\t\t<img decoding=\"async\" width=\"1298\" height=\"1298\" src=\"https:\/\/unrealjourneysecuador.com\/wp-content\/uploads\/2022\/12\/Page-1-Image-1.jpg\" class=\"attachment-full size-full wp-image-4206\" alt=\"\" loading=\"lazy\" \/>\t\t\t\t\t\t\t\t\t\t\t\t\t\t\t<\/div>\n\t\t\t\t<\/div>\n\t\t\t\t\t<\/div>\n\t\t<\/div>\n\t\t\t\t\t\t\t<\/div>\n\t\t<\/section>\n\t\t\t\t<section class=\"elementor-section elementor-top-section elementor-element elementor-element-8cec069 elementor-section-boxed elementor-section-height-default elementor-section-height-default\" data-id=\"8cec069\" data-element_type=\"section\">\n\t\t\t\t\t\t<div class=\"elementor-container elementor-column-gap-default\">\n\t\t\t\t\t<div class=\"elementor-column elementor-col-100 elementor-top-column elementor-element elementor-element-58763fb\" data-id=\"58763fb\" data-element_type=\"column\">\n\t\t\t<div class=\"elementor-widget-wrap elementor-element-populated\">\n\t\t\t\t\t\t\t\t<div class=\"elementor-element elementor-element-4d467b3 elementor-widget elementor-widget-text-editor\" data-id=\"4d467b3\" data-element_type=\"widget\" data-widget_type=\"text-editor.default\">\n\t\t\t\t<div class=\"elementor-widget-container\">\n\t\t\t<style>\/*! elementor - v3.15.0 - 02-08-2023 *\/\n.elementor-widget-text-editor.elementor-drop-cap-view-stacked .elementor-drop-cap{background-color:#69727d;color:#fff}.elementor-widget-text-editor.elementor-drop-cap-view-framed .elementor-drop-cap{color:#69727d;border:3px solid;background-color:transparent}.elementor-widget-text-editor:not(.elementor-drop-cap-view-default) .elementor-drop-cap{margin-top:8px}.elementor-widget-text-editor:not(.elementor-drop-cap-view-default) .elementor-drop-cap-letter{width:1em;height:1em}.elementor-widget-text-editor .elementor-drop-cap{float:left;text-align:center;line-height:1;font-size:50px}.elementor-widget-text-editor .elementor-drop-cap-letter{display:inline-block}<\/style>\t\t\t\t<p>Besides travel agency, we provide the service of hotel management\u00a0 and hospitality business consultancy to venues that are looking to develop\u00a0 positively and want to improve their actual service or assessment to the ones that want to start from scratch.<\/p><p>Les larges connaissances acquises pendant les ann\u00e9es de la consultant, puis de l&#039;aide de petite et de moyenne taille de l&#039;entreprise d&#039;accueil \u00e0 d\u00e9velopper des diff\u00e9rentes business unit, d&#039;am\u00e9liorer leur service, de qualit\u00e9, de revenu et de mettre en \u0153uvre des techniques pour augmenter les r\u00e9servations et des revenus d&#039;appliquer des outils comme le marketing num\u00e9rique, les revenus de gestion et d&#039;exploitation des savoir-faire qui va de l&#039;aide \u00e0 la gestion de l&#039;h\u00f4tel, de restaurant, de bar ou de toute entreprise dans l&#039;industrie.<\/p><p>Nous avons \u00e9t\u00e9 les consultants de diff\u00e9rents h\u00f4tels, des restaurants, des bars et des agences touristiques sur les \u00celes Galapagos, en Argentine et dans les \u00c9quatoriens de la C\u00f4te. Nous g\u00e9rons un cadre sp\u00e9cifique qui sera con\u00e7u de fa\u00e7on personnalis\u00e9e pour chaque entreprise.\u00a0<\/p><p>Si vous \u00eates int\u00e9ress\u00e9s par ce service, contactez-nous et nous vous fournirons de plus amples informations selon vos besoins.<\/p>\t\t\t\t\t\t<\/div>\n\t\t\t\t<\/div>\n\t\t\t\t\t<\/div>\n\t\t<\/div>\n\t\t\t\t\t\t\t<\/div>\n\t\t<\/section>\n\t\t\t\t<section class=\"elementor-section elementor-top-section elementor-element elementor-element-9a418f5 elementor-section-boxed elementor-section-height-default elementor-section-height-default\" data-id=\"9a418f5\" data-element_type=\"section\">\n\t\t\t\t\t\t<div class=\"elementor-container elementor-column-gap-default\">\n\t\t\t\t\t<div class=\"elementor-column elementor-col-100 elementor-top-column elementor-element elementor-element-78d1dc5\" data-id=\"78d1dc5\" data-element_type=\"column\">\n\t\t\t<div class=\"elementor-widget-wrap elementor-element-populated\">\n\t\t\t\t\t\t\t\t<div class=\"elementor-element elementor-element-4701474 elementor-align-center elementor-widget elementor-widget-button\" data-id=\"4701474\" data-element_type=\"widget\" data-widget_type=\"button.default\">\n\t\t\t\t<div class=\"elementor-widget-container\">\n\t\t\t\t\t<div class=\"elementor-button-wrapper\">\n\t\t\t<a class=\"elementor-button elementor-button-link elementor-size-lg\" href=\"https:\/\/unrealjourneysecuador.com\/fr\/contact-us\/\">\n\t\t\t\t\t\t<span class=\"elementor-button-content-wrapper\">\n\t\t\t\t\t\t<span class=\"elementor-button-text\">Contactez-Nous<\/span>\n\t\t<\/span>\n\t\t\t\t\t<\/a>\n\t\t<\/div>\n\t\t\t\t<\/div>\n\t\t\t\t<\/div>\n\t\t\t\t\t<\/div>\n\t\t<\/div>\n\t\t\t\t\t\t\t<\/div>\n\t\t<\/section>\n\t\t\t\t\t\t\t<\/div>","protected":false},"excerpt":{"rendered":"<p>Besides travel agency, we provide the service of hotel management\u00a0 and hospitality business consultancy to venues that are looking to develop\u00a0 positively and want to improve their actual service or assessment to the ones that want to start from scratch. [&hellip;]<\/p>","protected":false},"author":1,"featured_media":0,"parent":0,"menu_order":0,"comment_status":"closed","ping_status":"closed","template":"","meta":[],"_links":{"self":[{"href":"https:\/\/unrealjourneysecuador.com\/fr\/wp-json\/wp\/v2\/pages\/2"}],"collection":[{"href":"https:\/\/unrealjourneysecuador.com\/fr\/wp-json\/wp\/v2\/pages"}],"about":[{"href":"https:\/\/unrealjourneysecuador.com\/fr\/wp-json\/wp\/v2\/types\/page"}],"author":[{"embeddable":true,"href":"https:\/\/unrealjourneysecuador.com\/fr\/wp-json\/wp\/v2\/users\/1"}],"replies":[{"embeddable":true,"href":"https:\/\/unrealjourneysecuador.com\/fr\/wp-json\/wp\/v2\/comments?post=2"}],"version-history":[{"count":20,"href":"https:\/\/unrealjourneysecuador.com\/fr\/wp-json\/wp\/v2\/pages\/2\/revisions"}],"predecessor-version":[{"id":4832,"href":"https:\/\/unrealjourneysecuador.com\/fr\/wp-json\/wp\/v2\/pages\/2\/revisions\/4832"}],"wp:attachment":[{"href":"https:\/\/unrealjourneysecuador.com\/fr\/wp-json\/wp\/v2\/media?parent=2"}],"curies":[{"name":"wp","href":"https:\/\/api.w.org\/{rel}","templated":true}]}}