{"id":4231,"date":"2022-12-16T19:15:17","date_gmt":"2022-12-16T19:15:17","guid":{"rendered":"https:\/\/unrealjourneysecuador.com\/?page_id=4231"},"modified":"2023-08-22T22:38:48","modified_gmt":"2023-08-22T22:38:48","slug":"about-us","status":"publish","type":"page","link":"https:\/\/unrealjourneysecuador.com\/es\/about-us\/","title":{"rendered":"Sobre Unreal Journeys"},"content":{"rendered":"<div data-elementor-type=\"wp-page\" data-elementor-id=\"4231\" class=\"elementor elementor-4231\">\n\t\t\t\t\t\t\t\t\t<section class=\"elementor-section elementor-top-section elementor-element elementor-element-c4d1834 elementor-section-boxed elementor-section-height-default elementor-section-height-default\" data-id=\"c4d1834\" data-element_type=\"section\">\n\t\t\t\t\t\t<div class=\"elementor-container elementor-column-gap-default\">\n\t\t\t\t\t<div class=\"elementor-column elementor-col-100 elementor-top-column elementor-element elementor-element-54c306f\" data-id=\"54c306f\" data-element_type=\"column\">\n\t\t\t<div class=\"elementor-widget-wrap elementor-element-populated\">\n\t\t\t\t\t\t\t\t<div class=\"elementor-element elementor-element-c4bd60a elementor-widget elementor-widget-image\" data-id=\"c4bd60a\" data-element_type=\"widget\" data-widget_type=\"image.default\">\n\t\t\t\t<div class=\"elementor-widget-container\">\n\t\t\t<style>\/*! elementor - v3.15.0 - 02-08-2023 *\/\n.elementor-widget-image{text-align:center}.elementor-widget-image a{display:inline-block}.elementor-widget-image a img[src$=\".svg\"]{width:48px}.elementor-widget-image img{vertical-align:middle;display:inline-block}<\/style>\t\t\t\t\t\t\t\t\t\t\t\t<img decoding=\"async\" width=\"1600\" height=\"1534\" src=\"https:\/\/unrealjourneysecuador.com\/wp-content\/uploads\/2023\/01\/WhatsApp-Image-2023-01-15-at-7.49.41-AM.jpeg\" class=\"attachment-full size-full wp-image-4384\" alt=\"\" loading=\"lazy\" \/>\t\t\t\t\t\t\t\t\t\t\t\t\t\t\t<\/div>\n\t\t\t\t<\/div>\n\t\t\t\t\t<\/div>\n\t\t<\/div>\n\t\t\t\t\t\t\t<\/div>\n\t\t<\/section>\n\t\t\t\t<section class=\"elementor-section elementor-top-section elementor-element elementor-element-759e7c5 elementor-section-boxed elementor-section-height-default elementor-section-height-default\" data-id=\"759e7c5\" data-element_type=\"section\">\n\t\t\t\t\t\t<div class=\"elementor-container elementor-column-gap-default\">\n\t\t\t\t\t<div class=\"elementor-column elementor-col-100 elementor-top-column elementor-element elementor-element-3964a9f\" data-id=\"3964a9f\" data-element_type=\"column\">\n\t\t\t<div class=\"elementor-widget-wrap elementor-element-populated\">\n\t\t\t\t\t\t\t\t<div class=\"elementor-element elementor-element-8818bf8 elementor-widget elementor-widget-text-editor\" data-id=\"8818bf8\" data-element_type=\"widget\" data-widget_type=\"text-editor.default\">\n\t\t\t\t<div class=\"elementor-widget-container\">\n\t\t\t<style>\/*! elementor - v3.15.0 - 02-08-2023 *\/\n.elementor-widget-text-editor.elementor-drop-cap-view-stacked .elementor-drop-cap{background-color:#69727d;color:#fff}.elementor-widget-text-editor.elementor-drop-cap-view-framed .elementor-drop-cap{color:#69727d;border:3px solid;background-color:transparent}.elementor-widget-text-editor:not(.elementor-drop-cap-view-default) .elementor-drop-cap{margin-top:8px}.elementor-widget-text-editor:not(.elementor-drop-cap-view-default) .elementor-drop-cap-letter{width:1em;height:1em}.elementor-widget-text-editor .elementor-drop-cap{float:left;text-align:center;line-height:1;font-size:50px}.elementor-widget-text-editor .elementor-drop-cap-letter{display:inline-block}<\/style>\t\t\t\t<p>Sol, Unreal Journeys founder, is an Ecuadorean that before having her daughter,\u00a0 traveled to different parts of the world as part of her hotel management career and also chasing the dream of becoming a surfer.\u00a0<\/p><p>Esos a\u00f1os de viajes, trabajo, estudios y aventura, definieron su\nconocimiento en el \u00e1rea hotelera\/ tur\u00edstica y decidi\u00f3 regresar al Ecuador\npor la belleza y potencial que tiene este pa\u00eds.<\/p><p>Ya en Ecuador, trabaj\u00f3 como administradora y consultora hotelera en\nvarios destinos como las Islas Gal\u00e1pagos y Ayampe, donde adquiri\u00f3 m\u00e1s\nconocimiento local y conoci\u00f3 a proveedores directos para comenzar con\notro sue\u00f1o: la creaci\u00f3n de esta agencia.<\/p><p>Por esta raz\u00f3n todos nuestros itinerarios son personalizados y dise\u00f1ados\npara adaptarse a cada una de nuestras necesidades de los viajeros,\nporque nuestro objetivo es crear experiencias y recuerdos que marquen\nla vida de tod@s l@s que nos visitan.<\/p><p>Este objetivo est\u00e1 respaldado con nuestro conocimiento local y\nalimentado con nuestro carisma y excelente servicio al cliente que\nqueremos proporcionar. \u00a0<\/p><p>Trabajamos con las comunidades locales pues nos gustar\u00eda dejar una\nhuella positiva con nuestra operaci\u00f3n.\nNos encantar\u00eda conocerte, ven y sum\u00e9rgete en un viaje inolvidable, donde\nprobar\u00e1s frutas ex\u00f3ticas, sentir\u00e1s la naturaleza, conocer\u00e1s paisajes\ninolvidables, que se a\u00f1adir\u00e1n a la colecci\u00f3n de recuerdos que a la final\ndel d\u00eda es lo que te llevas contigo.\u00a0<\/p>\t\t\t\t\t\t<\/div>\n\t\t\t\t<\/div>\n\t\t\t\t<div class=\"elementor-element elementor-element-7013c4b elementor-align-center elementor-widget elementor-widget-button\" data-id=\"7013c4b\" data-element_type=\"widget\" data-widget_type=\"button.default\">\n\t\t\t\t<div class=\"elementor-widget-container\">\n\t\t\t\t\t<div class=\"elementor-button-wrapper\">\n\t\t\t<a class=\"elementor-button elementor-button-link elementor-size-lg\" href=\"https:\/\/unrealjourneysecuador.com\/es\/contact-us\/\">\n\t\t\t\t\t\t<span class=\"elementor-button-content-wrapper\">\n\t\t\t\t\t\t<span class=\"elementor-button-text\">Cont\u00e1ctanos<\/span>\n\t\t<\/span>\n\t\t\t\t\t<\/a>\n\t\t<\/div>\n\t\t\t\t<\/div>\n\t\t\t\t<\/div>\n\t\t\t\t<div class=\"elementor-element elementor-element-ebe6a04 elementor-widget elementor-widget-image\" data-id=\"ebe6a04\" data-element_type=\"widget\" data-widget_type=\"image.default\">\n\t\t\t\t<div class=\"elementor-widget-container\">\n\t\t\t\t\t\t\t\t\t\t\t\t\t\t\t<img decoding=\"async\" width=\"1600\" height=\"1600\" src=\"https:\/\/unrealjourneysecuador.com\/wp-content\/uploads\/2023\/05\/WhatsApp-Image-2023-05-09-at-8.52.54-PM.jpeg\" class=\"attachment-full size-full wp-image-4442\" alt=\"\" loading=\"lazy\" \/>\t\t\t\t\t\t\t\t\t\t\t\t\t\t\t<\/div>\n\t\t\t\t<\/div>\n\t\t\t\t\t<\/div>\n\t\t<\/div>\n\t\t\t\t\t\t\t<\/div>\n\t\t<\/section>\n\t\t\t\t\t\t\t<\/div>","protected":false},"excerpt":{"rendered":"<p>Sol, Unreal Journeys founder, is an Ecuadorean that before having her daughter,\u00a0 traveled to different parts of the world as part of her hotel management career and also chasing the dream of becoming a surfer.\u00a0 Those years of trips, work, [&hellip;]<\/p>","protected":false},"author":1,"featured_media":0,"parent":0,"menu_order":0,"comment_status":"closed","ping_status":"closed","template":"","meta":[],"_links":{"self":[{"href":"https:\/\/unrealjourneysecuador.com\/es\/wp-json\/wp\/v2\/pages\/4231"}],"collection":[{"href":"https:\/\/unrealjourneysecuador.com\/es\/wp-json\/wp\/v2\/pages"}],"about":[{"href":"https:\/\/unrealjourneysecuador.com\/es\/wp-json\/wp\/v2\/types\/page"}],"author":[{"embeddable":true,"href":"https:\/\/unrealjourneysecuador.com\/es\/wp-json\/wp\/v2\/users\/1"}],"replies":[{"embeddable":true,"href":"https:\/\/unrealjourneysecuador.com\/es\/wp-json\/wp\/v2\/comments?post=4231"}],"version-history":[{"count":31,"href":"https:\/\/unrealjourneysecuador.com\/es\/wp-json\/wp\/v2\/pages\/4231\/revisions"}],"predecessor-version":[{"id":4855,"href":"https:\/\/unrealjourneysecuador.com\/es\/wp-json\/wp\/v2\/pages\/4231\/revisions\/4855"}],"wp:attachment":[{"href":"https:\/\/unrealjourneysecuador.com\/es\/wp-json\/wp\/v2\/media?parent=4231"}],"curies":[{"name":"wp","href":"https:\/\/api.w.org\/{rel}","templated":true}]}}